{"id":1165,"date":"2024-01-31T12:01:19","date_gmt":"2024-01-31T12:01:19","guid":{"rendered":"https:\/\/oldi-parts.ch\/ops\/?page_id=1165"},"modified":"2024-01-31T12:05:32","modified_gmt":"2024-01-31T12:05:32","slug":"impressum","status":"publish","type":"page","link":"https:\/\/oldi-parts.ch\/ops\/?page_id=1165","title":{"rendered":"Impressum"},"content":{"rendered":"\n<div class=\"wp-block-group has-global-padding is-layout-constrained wp-block-group-is-layout-constrained\">\n<p>Betreiber dieser privaten Website ist:<\/p>\n\n\n\n<p>Walter Leemann <\/p>\n\n\n\n<p>Peyerland 19 <\/p>\n\n\n\n<p>CH-4665 Oftringen <\/p>\n\n\n\n<p><a href=\"mailto:info@oldi-parts.ch?subject=Oldi-Parts.ch Website\" target=\"_blank\" rel=\"noreferrer noopener nofollow\">Contact Webmaster<\/a> <\/p>\n\n\n\n<p><\/p>\n\n\n\n<p>Haftungshinweis:<\/p>\n\n\n\n<p>Der Inhalt dieser Webseiten wird mit gr\u00f6sstm\u00f6glicher Sorgfalt gepflegt. Trotzdem wird f\u00fcr den Inhalt keine Haftung \u00fcbernommen. Druckfehler, Irrt\u00fcmer und \u00c4nderungen vorbehalten. Der Inhalt ist urheberrechtlich gesch\u00fctzt. Die Verwendung einzelner Elemente bedingt der schriftlichen Zustimmung des Betreibers. F\u00fcr die Inhalte externer Links \u00fcbernehmen wir keine Haftung. F\u00fcr den Inhalt der verlinkten Seiten sind ausschliesslich deren Betreiber verantwortlich. <br><\/p>\n<\/div>\n","protected":false},"excerpt":{"rendered":"<p>Betreiber dieser privaten Website ist: Walter Leemann Peyerland 19 CH-4665 Oftringen Contact Webmaster Haftungshinweis: Der Inhalt dieser Webseiten wird mit gr\u00f6sstm\u00f6glicher Sorgfalt gepflegt. Trotzdem wird f\u00fcr den Inhalt keine Haftung \u00fcbernommen. Druckfehler, Irrt\u00fcmer und \u00c4nderungen vorbehalten. Der Inhalt ist urheberrechtlich gesch\u00fctzt. Die Verwendung einzelner Elemente bedingt der schriftlichen Zustimmung des Betreibers. F\u00fcr die Inhalte externer [&hellip;]<\/p>\n","protected":false},"author":1,"featured_media":0,"parent":0,"menu_order":0,"comment_status":"closed","ping_status":"closed","template":"","meta":{"footnotes":""},"class_list":["post-1165","page","type-page","status-publish","hentry"],"_links":{"self":[{"href":"https:\/\/oldi-parts.ch\/ops\/index.php?rest_route=\/wp\/v2\/pages\/1165","targetHints":{"allow":["GET"]}}],"collection":[{"href":"https:\/\/oldi-parts.ch\/ops\/index.php?rest_route=\/wp\/v2\/pages"}],"about":[{"href":"https:\/\/oldi-parts.ch\/ops\/index.php?rest_route=\/wp\/v2\/types\/page"}],"author":[{"embeddable":true,"href":"https:\/\/oldi-parts.ch\/ops\/index.php?rest_route=\/wp\/v2\/users\/1"}],"replies":[{"embeddable":true,"href":"https:\/\/oldi-parts.ch\/ops\/index.php?rest_route=%2Fwp%2Fv2%2Fcomments&post=1165"}],"version-history":[{"count":2,"href":"https:\/\/oldi-parts.ch\/ops\/index.php?rest_route=\/wp\/v2\/pages\/1165\/revisions"}],"predecessor-version":[{"id":1167,"href":"https:\/\/oldi-parts.ch\/ops\/index.php?rest_route=\/wp\/v2\/pages\/1165\/revisions\/1167"}],"wp:attachment":[{"href":"https:\/\/oldi-parts.ch\/ops\/index.php?rest_route=%2Fwp%2Fv2%2Fmedia&parent=1165"}],"curies":[{"name":"wp","href":"https:\/\/api.w.org\/{rel}","templated":true}]}}